{"id":528,"date":"2022-04-28T15:06:15","date_gmt":"2022-04-28T13:06:15","guid":{"rendered":"http:\/\/localhost\/wordpress\/?page_id=528"},"modified":"2022-05-10T21:07:36","modified_gmt":"2022-05-10T19:07:36","slug":"a-propos","status":"publish","type":"page","link":"https:\/\/www.websneakers.mailles.fr\/index.php\/a-propos\/","title":{"rendered":"\u00c0 propos"},"content":{"rendered":"\n<div style=\"height:70px\" aria-hidden=\"true\" class=\"wp-block-spacer\"><\/div>\n\n\n\n<div class=\"wp-block-cover alignfull\"><span aria-hidden=\"true\" class=\"has-nv-light-bg-background-color has-background-dim-100 wp-block-cover__gradient-background has-background-dim\"><\/span><div class=\"wp-block-cover__inner-container is-layout-flow wp-block-cover-is-layout-flow\">\n<div style=\"height:100px\" aria-hidden=\"true\" class=\"wp-block-spacer\"><\/div>\n\n\n\n<div class=\"wp-block-columns alignwide is-layout-flex wp-container-core-columns-is-layout-9d6595d7 wp-block-columns-is-layout-flex\">\n<div class=\"wp-block-column is-layout-flow wp-block-column-is-layout-flow\">\n<div class=\"wp-block-columns is-layout-flex wp-container-core-columns-is-layout-9d6595d7 wp-block-columns-is-layout-flex\">\n<div class=\"wp-block-column is-layout-flow wp-block-column-is-layout-flow\">\n<figure class=\"wp-block-image size-large\"><img decoding=\"async\" src=\"\/wp-content\/uploads\/2022\/04\/hermes-rivera-OX_en7CXMj4-unsplash-1-1024x683.jpg\" alt=\"\"\/><\/figure>\n<\/div>\n<\/div>\n<\/div>\n\n\n\n<div class=\"wp-block-column is-layout-flow wp-block-column-is-layout-flow\">\n<h2 class=\"has-neve-link-color-color has-text-color wp-block-heading\">L&rsquo;Histoire Web Sneakers<\/h2>\n\n\n\n<p class=\"has-neve-link-color-color has-text-color\">Leader fran\u00e7ais de la distribution de chaussures en centre-ville et centre commerciaux, Web Sneakers fait partager son savoir-faire chausseur en proposant des produits de qualit\u00e9, \u00e0 prix raisonnables pour la femme, l\u2019homme et l\u2019enfant. Pour tous les passionn\u00e9s de mode et en particulier de chaussures, Web Sneakers d\u00e9veloppe des collections (chaussures, maroquinerie et accessoires) au plus pr\u00e8s des tendances, qui collent \u00e0 la personnalit\u00e9 et aux attentes de chacun. Avec 230 points de vente, Web Sneakers est une marque dynamique et innovante qui ne cesse de surprendre. D\u00e9couvrez nos produits dans nos boutiques ou sur&nbsp;<a href=\".index.htmt\">WebSneakers.fr<\/a>. <\/p>\n<\/div>\n<\/div>\n<\/div><\/div>\n\n\n\n<div class=\"wp-block-cover alignwide\"><span aria-hidden=\"true\" class=\"has-nv-text-dark-bg-background-color has-background-dim-100 wp-block-cover__gradient-background has-background-dim\"><\/span><div class=\"wp-block-cover__inner-container is-layout-flow wp-block-cover-is-layout-flow\">\n<p><\/p>\n\n\n\n<div style=\"height:40px\" aria-hidden=\"true\" class=\"wp-block-spacer\"><\/div>\n\n\n\n<div class=\"wp-block-columns is-layout-flex wp-container-core-columns-is-layout-9d6595d7 wp-block-columns-is-layout-flex\">\n<div class=\"wp-block-column is-layout-flow wp-block-column-is-layout-flow\">\n<h2 class=\"has-neve-link-color-color has-text-color wp-block-heading\">Notre \u00e9quipe Web Sneakers<\/h2>\n\n\n\n<p class=\"has-neve-link-color-color has-text-color\">Solidarit\u00e9s Nouvelles pour le Logement affectera votre don \u00e0 l\u2019ensemble des missions de Web Sneakers. Cela nous permet d\u2019agir au plus pr\u00e8s des besoins.Les notions de bien-\u00eatre et de travail en \u00e9quipe sont importantes sur le domaine.<\/p>\n\n\n\n<p class=\"has-neve-link-color-color has-text-color\">Notre pr\u00e9occupation permanente est de donner du sens \u00e0 l\u2019action de chacun, dans le respect et la bienveillance, pour induire un sentiment g\u00e9n\u00e9ral de satisfaction et d\u2019\u00e9panouissement dans et par le travail. La coh\u00e9sion du groupe est aussi une force qui nous aide \u00e0 pr\u00e9server l\u2019optimisme !<\/p>\n\n\n\n<p class=\"has-neve-link-color-color has-text-color\">Nous remercions ces femmes et ces hommes qui, au quotidien, par leur s\u00e9rieux et leur professionnalisme, contribuent \u00e0 la renomm\u00e9e du domaine&nbsp;!<\/p>\n\n\n\n<div class=\"wp-block-columns is-layout-flex wp-container-core-columns-is-layout-9d6595d7 wp-block-columns-is-layout-flex\">\n<div class=\"wp-block-column is-layout-flow wp-block-column-is-layout-flow\">\n<div class=\"wp-block-image is-style-rounded\"><figure class=\"aligncenter size-large\"><img decoding=\"async\" src=\"\/wp-content\/uploads\/2022\/04\/alex-starnes-PK_t0Lrh7MM-unsplash-edited-scaled.jpg\" alt=\"\"\/><\/figure><\/div>\n\n\n\n<p class=\"has-text-align-center has-neve-link-color-color has-text-color\">Th\u00e9a Reine<\/p>\n<\/div>\n\n\n\n<div class=\"wp-block-column is-layout-flow wp-block-column-is-layout-flow\">\n<div class=\"wp-block-image is-style-rounded\"><figure class=\"aligncenter size-large\"><img decoding=\"async\" src=\"\/wp-content\/uploads\/2022\/04\/ben-parker-OhKElOkQ3RE-unsplash-edited-scaled.jpg\" alt=\"\"\/><\/figure><\/div>\n\n\n\n<p class=\"has-text-align-center has-neve-link-color-color has-text-color\">Loan \u00c9loi<\/p>\n<\/div>\n\n\n\n<div class=\"wp-block-column is-layout-flow wp-block-column-is-layout-flow\">\n<div class=\"wp-block-image is-style-rounded\"><figure class=\"aligncenter size-large\"><img decoding=\"async\" src=\"\/wp-content\/uploads\/2022\/04\/evan-wise-eJ0UGX8da2c-unsplash-edited-1.jpg\" alt=\"\"\/><\/figure><\/div>\n\n\n\n<p class=\"has-text-align-center has-neve-link-color-color has-text-color\">Camille St\u00e9phane<\/p>\n<\/div>\n\n\n\n<div class=\"wp-block-column is-layout-flow wp-block-column-is-layout-flow\">\n<div class=\"wp-block-image is-style-rounded\"><figure class=\"aligncenter size-large\"><img decoding=\"async\" src=\"\/wp-content\/uploads\/2022\/04\/linkedin-sales-solutions-pAtA8xe_iVM-unsplash-edited-scaled.jpg\" alt=\"\"\/><\/figure><\/div>\n\n\n\n<p class=\"has-text-align-center has-neve-link-color-color has-text-color\">Patrick Roland<\/p>\n<\/div>\n<\/div>\n<\/div>\n<\/div>\n\n\n\n<div style=\"height:80px\" aria-hidden=\"true\" class=\"wp-block-spacer\"><\/div>\n<\/div><\/div>\n\n\n\n<div class=\"wp-block-cover alignfull\"><span aria-hidden=\"true\" class=\"has-nv-light-bg-background-color has-background-dim-100 wp-block-cover__gradient-background has-background-dim\"><\/span><div class=\"wp-block-cover__inner-container is-layout-flow wp-block-cover-is-layout-flow\">\n<div style=\"height:40px\" aria-hidden=\"true\" class=\"wp-block-spacer\"><\/div>\n\n\n\n<div class=\"wp-block-media-text alignwide is-stacked-on-mobile\"><figure class=\"wp-block-media-text__media\"><img loading=\"lazy\" decoding=\"async\" width=\"1024\" height=\"505\" src=\"https:\/\/www.websneakers.mailles.fr\/wp-content\/uploads\/2022\/04\/chaussures_moches-1-1024x505.jpeg\" alt=\"chaussures futurs\" class=\"wp-image-482 size-full\" srcset=\"https:\/\/www.websneakers.mailles.fr\/wp-content\/uploads\/2022\/04\/chaussures_moches-1-1024x505.jpeg 1024w, https:\/\/www.websneakers.mailles.fr\/wp-content\/uploads\/2022\/04\/chaussures_moches-1-300x148.jpeg 300w, https:\/\/www.websneakers.mailles.fr\/wp-content\/uploads\/2022\/04\/chaussures_moches-1-768x379.jpeg 768w, https:\/\/www.websneakers.mailles.fr\/wp-content\/uploads\/2022\/04\/chaussures_moches-1-600x296.jpeg 600w, https:\/\/www.websneakers.mailles.fr\/wp-content\/uploads\/2022\/04\/chaussures_moches-1.jpeg 1060w\" sizes=\"auto, (max-width: 1024px) 100vw, 1024px\" \/><\/figure><div class=\"wp-block-media-text__content\">\n<h2 class=\"has-neve-link-color-color has-text-color wp-block-heading\">Notre futur<\/h2>\n\n\n\n<p class=\"has-neve-link-color-color has-text-color\" style=\"font-size:17px\">Une mode d\u00e9mocratique, qui se pr\u00e9occupe de vos attentes et qui y r\u00e9pond par la s\u00e9lection de produits tendances, en travaillant les d\u00e9tails, les mati\u00e8res, les couleurs et en collaborant avec les meilleurs cr\u00e9ateurs.<br>Une mode libre o\u00f9 chacun peut s&rsquo;exprimer \u00e0 travers son style.<\/p>\n<\/div><\/div>\n\n\n\n<div style=\"height:100px\" aria-hidden=\"true\" class=\"wp-block-spacer\"><\/div>\n<\/div><\/div>\n\n\n\n<div class=\"wp-block-cover alignfull\"><span aria-hidden=\"true\" class=\"has-nv-dark-bg-background-color has-background-dim-100 wp-block-cover__gradient-background has-background-dim\"><\/span><div class=\"wp-block-cover__inner-container is-layout-flow wp-block-cover-is-layout-flow\">\n<div style=\"height:140px\" aria-hidden=\"true\" class=\"wp-block-spacer\"><\/div>\n\n\n\n<div class=\"wp-block-columns alignwide are-vertically-aligned-center is-layout-flex wp-container-core-columns-is-layout-9d6595d7 wp-block-columns-is-layout-flex\">\n<div class=\"wp-block-column is-vertically-aligned-center is-layout-flow wp-block-column-is-layout-flow\">\n<h2 class=\"has-text-align-center wp-block-heading\">Travaillons ensemble sur<br>votre prochain projet web<\/h2>\n\n\n\n<p class=\"has-text-align-center\">Nous sommes ouverts \u00e0 travailler avec de potentielles nouvelles marques connues ou non, nous vous proposons d\u2019en discuter ensemble afin de mettre vos produits en avant sur note<\/p>\n\n\n\n<div class=\"wp-block-buttons is-content-justification-center is-layout-flex wp-container-core-buttons-is-layout-16018d1d wp-block-buttons-is-layout-flex\">\n<div class=\"wp-block-button is-style-primary\"><a class=\"wp-block-button__link\" href=\"https:\/\/www.websneakers.mailles.fr\/index.php\/contact\/\">CONTACTEZ-NOUS<\/a><\/div>\n<\/div>\n<\/div>\n<\/div>\n\n\n\n<div style=\"height:140px\" aria-hidden=\"true\" class=\"wp-block-spacer\"><\/div>\n<\/div><\/div>\n","protected":false},"excerpt":{"rendered":"","protected":false},"author":1,"featured_media":0,"parent":0,"menu_order":0,"comment_status":"closed","ping_status":"closed","template":"","meta":{"neve_meta_sidebar":"","neve_meta_container":"","neve_meta_enable_content_width":"","neve_meta_content_width":0,"neve_meta_title_alignment":"","neve_meta_author_avatar":"","neve_post_elements_order":"","neve_meta_disable_header":"","neve_meta_disable_footer":"","neve_meta_disable_title":"","footnotes":""},"class_list":["post-528","page","type-page","status-publish","hentry"],"yoast_head":"<!-- This site is optimized with the Yoast SEO plugin v18.6 - https:\/\/yoast.com\/wordpress\/plugins\/seo\/ -->\n<title>\u00c0 propos - Web Sneakers<\/title>\n<meta name=\"description\" content=\"\u00c0 propos Web Sneakers - Notre Histoire - Leader fran\u00e7ais de la distribution de chaussures en centre-ville et centre commerciaux.\" \/>\n<meta name=\"robots\" content=\"index, follow, max-snippet:-1, max-image-preview:large, max-video-preview:-1\" \/>\n<link rel=\"canonical\" href=\"https:\/\/www.websneakers.mailles.fr\/index.php\/a-propos\/\" \/>\n<meta property=\"og:locale\" content=\"fr_FR\" \/>\n<meta property=\"og:type\" content=\"article\" \/>\n<meta property=\"og:title\" content=\"\u00c0 propos - Web Sneakers\" \/>\n<meta property=\"og:description\" content=\"\u00c0 propos Web Sneakers - Notre Histoire - Leader fran\u00e7ais de la distribution de chaussures en centre-ville et centre commerciaux.\" \/>\n<meta property=\"og:url\" content=\"https:\/\/www.websneakers.mailles.fr\/index.php\/a-propos\/\" \/>\n<meta property=\"og:site_name\" content=\"Web Sneakers\" \/>\n<meta property=\"article:modified_time\" content=\"2022-05-10T19:07:36+00:00\" \/>\n<meta property=\"og:image\" content=\"https:\/\/www.websneakers.mailles.fr\/wp-content\/uploads\/2022\/04\/chaussures_moches-1-1024x505.jpeg\" \/>\n<meta name=\"twitter:card\" content=\"summary_large_image\" \/>\n<meta name=\"twitter:label1\" content=\"Dur\u00e9e de lecture estim\u00e9e\" \/>\n\t<meta name=\"twitter:data1\" content=\"3 minutes\" \/>\n<script type=\"application\/ld+json\" class=\"yoast-schema-graph\">{\"@context\":\"https:\/\/schema.org\",\"@graph\":[{\"@type\":\"WebSite\",\"@id\":\"https:\/\/www.websneakers.mailles.fr\/#website\",\"url\":\"https:\/\/www.websneakers.mailles.fr\/\",\"name\":\"Web Sneakers\",\"description\":\"Web Sneakers forever\",\"potentialAction\":[{\"@type\":\"SearchAction\",\"target\":{\"@type\":\"EntryPoint\",\"urlTemplate\":\"https:\/\/www.websneakers.mailles.fr\/?s={search_term_string}\"},\"query-input\":\"required name=search_term_string\"}],\"inLanguage\":\"fr-FR\"},{\"@type\":\"ImageObject\",\"@id\":\"https:\/\/www.websneakers.mailles.fr\/index.php\/a-propos\/#primaryimage\",\"inLanguage\":\"fr-FR\",\"url\":\"https:\/\/www.websneakers.mailles.fr\/wp-content\/uploads\/2022\/04\/chaussures_moches-1.jpeg\",\"contentUrl\":\"https:\/\/www.websneakers.mailles.fr\/wp-content\/uploads\/2022\/04\/chaussures_moches-1.jpeg\",\"width\":1060,\"height\":523},{\"@type\":\"WebPage\",\"@id\":\"https:\/\/www.websneakers.mailles.fr\/index.php\/a-propos\/#webpage\",\"url\":\"https:\/\/www.websneakers.mailles.fr\/index.php\/a-propos\/\",\"name\":\"\u00c0 propos - Web Sneakers\",\"isPartOf\":{\"@id\":\"https:\/\/www.websneakers.mailles.fr\/#website\"},\"primaryImageOfPage\":{\"@id\":\"https:\/\/www.websneakers.mailles.fr\/index.php\/a-propos\/#primaryimage\"},\"datePublished\":\"2022-04-28T13:06:15+00:00\",\"dateModified\":\"2022-05-10T19:07:36+00:00\",\"description\":\"\u00c0 propos Web Sneakers - Notre Histoire - Leader fran\u00e7ais de la distribution de chaussures en centre-ville et centre commerciaux.\",\"breadcrumb\":{\"@id\":\"https:\/\/www.websneakers.mailles.fr\/index.php\/a-propos\/#breadcrumb\"},\"inLanguage\":\"fr-FR\",\"potentialAction\":[{\"@type\":\"ReadAction\",\"target\":[\"https:\/\/www.websneakers.mailles.fr\/index.php\/a-propos\/\"]}]},{\"@type\":\"BreadcrumbList\",\"@id\":\"https:\/\/www.websneakers.mailles.fr\/index.php\/a-propos\/#breadcrumb\",\"itemListElement\":[{\"@type\":\"ListItem\",\"position\":1,\"name\":\"Accueil\",\"item\":\"https:\/\/www.websneakers.mailles.fr\/\"},{\"@type\":\"ListItem\",\"position\":2,\"name\":\"\u00c0 propos\"}]}]}<\/script>\n<!-- \/ Yoast SEO plugin. -->","yoast_head_json":{"title":"\u00c0 propos - Web Sneakers","description":"\u00c0 propos Web Sneakers - Notre Histoire - Leader fran\u00e7ais de la distribution de chaussures en centre-ville et centre commerciaux.","robots":{"index":"index","follow":"follow","max-snippet":"max-snippet:-1","max-image-preview":"max-image-preview:large","max-video-preview":"max-video-preview:-1"},"canonical":"https:\/\/www.websneakers.mailles.fr\/index.php\/a-propos\/","og_locale":"fr_FR","og_type":"article","og_title":"\u00c0 propos - Web Sneakers","og_description":"\u00c0 propos Web Sneakers - Notre Histoire - Leader fran\u00e7ais de la distribution de chaussures en centre-ville et centre commerciaux.","og_url":"https:\/\/www.websneakers.mailles.fr\/index.php\/a-propos\/","og_site_name":"Web Sneakers","article_modified_time":"2022-05-10T19:07:36+00:00","og_image":[{"url":"https:\/\/www.websneakers.mailles.fr\/wp-content\/uploads\/2022\/04\/chaussures_moches-1-1024x505.jpeg"}],"twitter_card":"summary_large_image","twitter_misc":{"Dur\u00e9e de lecture estim\u00e9e":"3 minutes"},"schema":{"@context":"https:\/\/schema.org","@graph":[{"@type":"WebSite","@id":"https:\/\/www.websneakers.mailles.fr\/#website","url":"https:\/\/www.websneakers.mailles.fr\/","name":"Web Sneakers","description":"Web Sneakers forever","potentialAction":[{"@type":"SearchAction","target":{"@type":"EntryPoint","urlTemplate":"https:\/\/www.websneakers.mailles.fr\/?s={search_term_string}"},"query-input":"required name=search_term_string"}],"inLanguage":"fr-FR"},{"@type":"ImageObject","@id":"https:\/\/www.websneakers.mailles.fr\/index.php\/a-propos\/#primaryimage","inLanguage":"fr-FR","url":"https:\/\/www.websneakers.mailles.fr\/wp-content\/uploads\/2022\/04\/chaussures_moches-1.jpeg","contentUrl":"https:\/\/www.websneakers.mailles.fr\/wp-content\/uploads\/2022\/04\/chaussures_moches-1.jpeg","width":1060,"height":523},{"@type":"WebPage","@id":"https:\/\/www.websneakers.mailles.fr\/index.php\/a-propos\/#webpage","url":"https:\/\/www.websneakers.mailles.fr\/index.php\/a-propos\/","name":"\u00c0 propos - Web Sneakers","isPartOf":{"@id":"https:\/\/www.websneakers.mailles.fr\/#website"},"primaryImageOfPage":{"@id":"https:\/\/www.websneakers.mailles.fr\/index.php\/a-propos\/#primaryimage"},"datePublished":"2022-04-28T13:06:15+00:00","dateModified":"2022-05-10T19:07:36+00:00","description":"\u00c0 propos Web Sneakers - Notre Histoire - Leader fran\u00e7ais de la distribution de chaussures en centre-ville et centre commerciaux.","breadcrumb":{"@id":"https:\/\/www.websneakers.mailles.fr\/index.php\/a-propos\/#breadcrumb"},"inLanguage":"fr-FR","potentialAction":[{"@type":"ReadAction","target":["https:\/\/www.websneakers.mailles.fr\/index.php\/a-propos\/"]}]},{"@type":"BreadcrumbList","@id":"https:\/\/www.websneakers.mailles.fr\/index.php\/a-propos\/#breadcrumb","itemListElement":[{"@type":"ListItem","position":1,"name":"Accueil","item":"https:\/\/www.websneakers.mailles.fr\/"},{"@type":"ListItem","position":2,"name":"\u00c0 propos"}]}]}},"_links":{"self":[{"href":"https:\/\/www.websneakers.mailles.fr\/index.php\/wp-json\/wp\/v2\/pages\/528","targetHints":{"allow":["GET"]}}],"collection":[{"href":"https:\/\/www.websneakers.mailles.fr\/index.php\/wp-json\/wp\/v2\/pages"}],"about":[{"href":"https:\/\/www.websneakers.mailles.fr\/index.php\/wp-json\/wp\/v2\/types\/page"}],"author":[{"embeddable":true,"href":"https:\/\/www.websneakers.mailles.fr\/index.php\/wp-json\/wp\/v2\/users\/1"}],"replies":[{"embeddable":true,"href":"https:\/\/www.websneakers.mailles.fr\/index.php\/wp-json\/wp\/v2\/comments?post=528"}],"version-history":[{"count":41,"href":"https:\/\/www.websneakers.mailles.fr\/index.php\/wp-json\/wp\/v2\/pages\/528\/revisions"}],"predecessor-version":[{"id":726,"href":"https:\/\/www.websneakers.mailles.fr\/index.php\/wp-json\/wp\/v2\/pages\/528\/revisions\/726"}],"wp:attachment":[{"href":"https:\/\/www.websneakers.mailles.fr\/index.php\/wp-json\/wp\/v2\/media?parent=528"}],"curies":[{"name":"wp","href":"https:\/\/api.w.org\/{rel}","templated":true}]}}